{"id":19,"date":"2023-09-30T18:22:35","date_gmt":"2023-09-30T16:22:35","guid":{"rendered":"https:\/\/agenciaviiza.com\/?page_id=19"},"modified":"2025-01-14T01:31:26","modified_gmt":"2025-01-14T00:31:26","slug":"visados","status":"publish","type":"page","link":"https:\/\/picsbyvery.com\/?page_id=19","title":{"rendered":"Visados"},"content":{"rendered":"\t\t<div data-elementor-type=\"wp-page\" data-elementor-id=\"19\" class=\"elementor elementor-19\" data-elementor-post-type=\"page\">\n\t\t\t\t\t\t<section class=\"elementor-section elementor-top-section elementor-element elementor-element-4df77d64 elementor-section-boxed elementor-section-height-default elementor-section-height-default\" data-id=\"4df77d64\" data-element_type=\"section\" data-settings=\"{&quot;background_background&quot;:&quot;classic&quot;}\">\n\t\t\t\t\t\t\t<div class=\"elementor-background-overlay\"><\/div>\n\t\t\t\t\t\t\t<div class=\"elementor-container elementor-column-gap-no\">\n\t\t\t\t\t<div class=\"elementor-column elementor-col-100 elementor-top-column elementor-element elementor-element-2cdc9ccf\" data-id=\"2cdc9ccf\" data-element_type=\"column\">\n\t\t\t<div class=\"elementor-widget-wrap elementor-element-populated\">\n\t\t\t\t\t\t\t<\/div>\n\t\t<\/div>\n\t\t\t\t\t<\/div>\n\t\t<\/section>\n\t\t\t\t<section class=\"elementor-section elementor-top-section elementor-element elementor-element-5ba3c148 elementor-section-boxed elementor-section-height-default elementor-section-height-default\" data-id=\"5ba3c148\" data-element_type=\"section\">\n\t\t\t\t\t\t\t<div class=\"elementor-background-overlay\"><\/div>\n\t\t\t\t\t\t\t<div class=\"elementor-container elementor-column-gap-no\">\n\t\t\t\t\t<div class=\"elementor-column elementor-col-50 elementor-top-column elementor-element elementor-element-5eeb55ee\" data-id=\"5eeb55ee\" data-element_type=\"column\">\n\t\t\t<div class=\"elementor-widget-wrap elementor-element-populated\">\n\t\t\t\t\t\t<div class=\"elementor-element elementor-element-3cd216db elementor-widget__width-auto elementor-widget-divider--view-line elementor-widget elementor-widget-divider\" data-id=\"3cd216db\" data-element_type=\"widget\" data-widget_type=\"divider.default\">\n\t\t\t\t<div class=\"elementor-widget-container\">\n\t\t\t\t\t\t\t<div class=\"elementor-divider\">\n\t\t\t<span class=\"elementor-divider-separator\">\n\t\t\t\t\t\t<\/span>\n\t\t<\/div>\n\t\t\t\t\t\t<\/div>\n\t\t\t\t<\/div>\n\t\t\t\t<div class=\"elementor-element elementor-element-7f5b080c elementor-widget__width-auto elementor-widget elementor-widget-heading\" data-id=\"7f5b080c\" data-element_type=\"widget\" data-widget_type=\"heading.default\">\n\t\t\t\t<div class=\"elementor-widget-container\">\n\t\t\t\t\t<h6 class=\"elementor-heading-title elementor-size-default\">ASESOR\u00cdAS MIGRATORIAS<\/h6>\t\t\t\t<\/div>\n\t\t\t\t<\/div>\n\t\t\t\t<div class=\"elementor-element elementor-element-5845f79b elementor-widget elementor-widget-heading\" data-id=\"5845f79b\" data-element_type=\"widget\" data-widget_type=\"heading.default\">\n\t\t\t\t<div class=\"elementor-widget-container\">\n\t\t\t\t\t<h2 class=\"elementor-heading-title elementor-size-default\">Somos tus socios confiables en asuntos migratorios<\/h2>\t\t\t\t<\/div>\n\t\t\t\t<\/div>\n\t\t\t\t<div class=\"elementor-element elementor-element-5b3a711e elementor-widget elementor-widget-text-editor\" data-id=\"5b3a711e\" data-element_type=\"widget\" data-widget_type=\"text-editor.default\">\n\t\t\t\t<div class=\"elementor-widget-container\">\n\t\t\t\t\t\t\t\t\t<p>En VIIZA Agencia de Viajes, hemos estado sirviendo a nuestros clientes con dedicaci\u00f3n y experiencia en asuntos migratorios durante m\u00e1s de 8 a\u00f1os. Somos un equipo de abogados expertos en derecho migratorio y estamos aqu\u00ed para convertir tus sue\u00f1os de vivir, trabajar o estudiar en el extranjero en realidades<br \/>s\u00f3lidas.<\/p>\t\t\t\t\t\t\t\t<\/div>\n\t\t\t\t<\/div>\n\t\t\t\t<div class=\"elementor-element elementor-element-63522cd6 elementor-widget elementor-widget-toggle\" data-id=\"63522cd6\" data-element_type=\"widget\" data-widget_type=\"toggle.default\">\n\t\t\t\t<div class=\"elementor-widget-container\">\n\t\t\t\t\t\t\t<div class=\"elementor-toggle\">\n\t\t\t\t\t\t\t<div class=\"elementor-toggle-item\">\n\t\t\t\t\t<h6 id=\"elementor-tab-title-1661\" class=\"elementor-tab-title\" data-tab=\"1\" role=\"button\" aria-controls=\"elementor-tab-content-1661\" aria-expanded=\"false\">\n\t\t\t\t\t\t\t\t\t\t\t\t<span class=\"elementor-toggle-icon elementor-toggle-icon-right\" aria-hidden=\"true\">\n\t\t\t\t\t\t\t\t\t\t\t\t\t\t\t<span class=\"elementor-toggle-icon-closed\"><i class=\"fas fa-angle-down\"><\/i><\/span>\n\t\t\t\t\t\t\t\t<span class=\"elementor-toggle-icon-opened\"><i class=\"elementor-toggle-icon-opened fas fa-angle-up\"><\/i><\/span>\n\t\t\t\t\t\t\t\t\t\t\t\t\t<\/span>\n\t\t\t\t\t\t\t\t\t\t\t\t<a class=\"elementor-toggle-title\" tabindex=\"0\">ESTADOS UNIDOS<\/a>\n\t\t\t\t\t<\/h6>\n\n\t\t\t\t\t<div id=\"elementor-tab-content-1661\" class=\"elementor-tab-content elementor-clearfix\" data-tab=\"1\" role=\"region\" aria-labelledby=\"elementor-tab-title-1661\"><p>Nuestros abogados migratorios te guiar\u00e1n en el\u00a0 complejo proceso de solicitud de visado para ingresar a los Estados Unidos<\/p><\/div>\n\t\t\t\t<\/div>\n\t\t\t\t\t\t\t<div class=\"elementor-toggle-item\">\n\t\t\t\t\t<h6 id=\"elementor-tab-title-1662\" class=\"elementor-tab-title\" data-tab=\"2\" role=\"button\" aria-controls=\"elementor-tab-content-1662\" aria-expanded=\"false\">\n\t\t\t\t\t\t\t\t\t\t\t\t<span class=\"elementor-toggle-icon elementor-toggle-icon-right\" aria-hidden=\"true\">\n\t\t\t\t\t\t\t\t\t\t\t\t\t\t\t<span class=\"elementor-toggle-icon-closed\"><i class=\"fas fa-angle-down\"><\/i><\/span>\n\t\t\t\t\t\t\t\t<span class=\"elementor-toggle-icon-opened\"><i class=\"elementor-toggle-icon-opened fas fa-angle-up\"><\/i><\/span>\n\t\t\t\t\t\t\t\t\t\t\t\t\t<\/span>\n\t\t\t\t\t\t\t\t\t\t\t\t<a class=\"elementor-toggle-title\" tabindex=\"0\">CANAD\u00c1<\/a>\n\t\t\t\t\t<\/h6>\n\n\t\t\t\t\t<div id=\"elementor-tab-content-1662\" class=\"elementor-tab-content elementor-clearfix\" data-tab=\"2\" role=\"region\" aria-labelledby=\"elementor-tab-title-1662\"><p>Nuestro Equipo de abogados migratorios te guiar\u00e1 en el proceso de obtenci\u00f3n de visado Canadiense, bien sea para turismo, estudios, trabajo o residencia.\u00a0<\/p><\/div>\n\t\t\t\t<\/div>\n\t\t\t\t\t\t\t<div class=\"elementor-toggle-item\">\n\t\t\t\t\t<h6 id=\"elementor-tab-title-1663\" class=\"elementor-tab-title\" data-tab=\"3\" role=\"button\" aria-controls=\"elementor-tab-content-1663\" aria-expanded=\"false\">\n\t\t\t\t\t\t\t\t\t\t\t\t<span class=\"elementor-toggle-icon elementor-toggle-icon-right\" aria-hidden=\"true\">\n\t\t\t\t\t\t\t\t\t\t\t\t\t\t\t<span class=\"elementor-toggle-icon-closed\"><i class=\"fas fa-angle-down\"><\/i><\/span>\n\t\t\t\t\t\t\t\t<span class=\"elementor-toggle-icon-opened\"><i class=\"elementor-toggle-icon-opened fas fa-angle-up\"><\/i><\/span>\n\t\t\t\t\t\t\t\t\t\t\t\t\t<\/span>\n\t\t\t\t\t\t\t\t\t\t\t\t<a class=\"elementor-toggle-title\" tabindex=\"0\">M\u00c9XICO<\/a>\n\t\t\t\t\t<\/h6>\n\n\t\t\t\t\t<div id=\"elementor-tab-content-1663\" class=\"elementor-tab-content elementor-clearfix\" data-tab=\"3\" role=\"region\" aria-labelledby=\"elementor-tab-title-1663\"><p>Descubre la riqueza cultural, la diversidad natural y la hospitalidad excepcional que te esperan en M\u00e9xico. La magia de un pa\u00eds que combina tradiciones milenarias con vibrantes escenarios modernos.<\/p><\/div>\n\t\t\t\t<\/div>\n\t\t\t\t\t\t\t<div class=\"elementor-toggle-item\">\n\t\t\t\t\t<h6 id=\"elementor-tab-title-1664\" class=\"elementor-tab-title\" data-tab=\"4\" role=\"button\" aria-controls=\"elementor-tab-content-1664\" aria-expanded=\"false\">\n\t\t\t\t\t\t\t\t\t\t\t\t<span class=\"elementor-toggle-icon elementor-toggle-icon-right\" aria-hidden=\"true\">\n\t\t\t\t\t\t\t\t\t\t\t\t\t\t\t<span class=\"elementor-toggle-icon-closed\"><i class=\"fas fa-angle-down\"><\/i><\/span>\n\t\t\t\t\t\t\t\t<span class=\"elementor-toggle-icon-opened\"><i class=\"elementor-toggle-icon-opened fas fa-angle-up\"><\/i><\/span>\n\t\t\t\t\t\t\t\t\t\t\t\t\t<\/span>\n\t\t\t\t\t\t\t\t\t\t\t\t<a class=\"elementor-toggle-title\" tabindex=\"0\">ESPACIO SCHENGEN<\/a>\n\t\t\t\t\t<\/h6>\n\n\t\t\t\t\t<div id=\"elementor-tab-content-1664\" class=\"elementor-tab-content elementor-clearfix\" data-tab=\"4\" role=\"region\" aria-labelledby=\"elementor-tab-title-1664\"><p>El visado Schengen te da la opoertunidad de viajar por varios paises de la Uni\u00f3n Europea. Nuestros abogados migratorios te abrir\u00e1n el camino hacia la aprobaci\u00f3n de tu solicitud.<\/p><\/div>\n\t\t\t\t<\/div>\n\t\t\t\t\t\t\t<div class=\"elementor-toggle-item\">\n\t\t\t\t\t<h6 id=\"elementor-tab-title-1665\" class=\"elementor-tab-title\" data-tab=\"5\" role=\"button\" aria-controls=\"elementor-tab-content-1665\" aria-expanded=\"false\">\n\t\t\t\t\t\t\t\t\t\t\t\t<span class=\"elementor-toggle-icon elementor-toggle-icon-right\" aria-hidden=\"true\">\n\t\t\t\t\t\t\t\t\t\t\t\t\t\t\t<span class=\"elementor-toggle-icon-closed\"><i class=\"fas fa-angle-down\"><\/i><\/span>\n\t\t\t\t\t\t\t\t<span class=\"elementor-toggle-icon-opened\"><i class=\"elementor-toggle-icon-opened fas fa-angle-up\"><\/i><\/span>\n\t\t\t\t\t\t\t\t\t\t\t\t\t<\/span>\n\t\t\t\t\t\t\t\t\t\t\t\t<a class=\"elementor-toggle-title\" tabindex=\"0\">REINO UNIDO<\/a>\n\t\t\t\t\t<\/h6>\n\n\t\t\t\t\t<div id=\"elementor-tab-content-1665\" class=\"elementor-tab-content elementor-clearfix\" data-tab=\"5\" role=\"region\" aria-labelledby=\"elementor-tab-title-1665\"><p>Si tu sue\u00f1o es viajar a UK, nuestro Staff de abogado migratorios lo hace realidad guiandote en todo el proceso de obtenci\u00f3n del tipo devisado que al que apliques.<\/p><\/div>\n\t\t\t\t<\/div>\n\t\t\t\t\t\t\t<div class=\"elementor-toggle-item\">\n\t\t\t\t\t<h6 id=\"elementor-tab-title-1666\" class=\"elementor-tab-title\" data-tab=\"6\" role=\"button\" aria-controls=\"elementor-tab-content-1666\" aria-expanded=\"false\">\n\t\t\t\t\t\t\t\t\t\t\t\t<span class=\"elementor-toggle-icon elementor-toggle-icon-right\" aria-hidden=\"true\">\n\t\t\t\t\t\t\t\t\t\t\t\t\t\t\t<span class=\"elementor-toggle-icon-closed\"><i class=\"fas fa-angle-down\"><\/i><\/span>\n\t\t\t\t\t\t\t\t<span class=\"elementor-toggle-icon-opened\"><i class=\"elementor-toggle-icon-opened fas fa-angle-up\"><\/i><\/span>\n\t\t\t\t\t\t\t\t\t\t\t\t\t<\/span>\n\t\t\t\t\t\t\t\t\t\t\t\t<a class=\"elementor-toggle-title\" tabindex=\"0\">AUSTRALIA<\/a>\n\t\t\t\t\t<\/h6>\n\n\t\t\t\t\t<div id=\"elementor-tab-content-1666\" class=\"elementor-tab-content elementor-clearfix\" data-tab=\"6\" role=\"region\" aria-labelledby=\"elementor-tab-title-1666\"><p>Descubre nuevas oportunidades y experiencias en la tierra de los canguros solicitando el visado que mejor se aplique a tus necesidades con la asesor\u00eda de nuestros abogados migratorios.\u00a0<\/p><\/div>\n\t\t\t\t<\/div>\n\t\t\t\t\t\t\t<div class=\"elementor-toggle-item\">\n\t\t\t\t\t<h6 id=\"elementor-tab-title-1667\" class=\"elementor-tab-title\" data-tab=\"7\" role=\"button\" aria-controls=\"elementor-tab-content-1667\" aria-expanded=\"false\">\n\t\t\t\t\t\t\t\t\t\t\t\t<span class=\"elementor-toggle-icon elementor-toggle-icon-right\" aria-hidden=\"true\">\n\t\t\t\t\t\t\t\t\t\t\t\t\t\t\t<span class=\"elementor-toggle-icon-closed\"><i class=\"fas fa-angle-down\"><\/i><\/span>\n\t\t\t\t\t\t\t\t<span class=\"elementor-toggle-icon-opened\"><i class=\"elementor-toggle-icon-opened fas fa-angle-up\"><\/i><\/span>\n\t\t\t\t\t\t\t\t\t\t\t\t\t<\/span>\n\t\t\t\t\t\t\t\t\t\t\t\t<a class=\"elementor-toggle-title\" tabindex=\"0\">JAP\u00d3N<\/a>\n\t\t\t\t\t<\/h6>\n\n\t\t\t\t\t<div id=\"elementor-tab-content-1667\" class=\"elementor-tab-content elementor-clearfix\" data-tab=\"7\" role=\"region\" aria-labelledby=\"elementor-tab-title-1667\"><p>Obtener tu visado para Jap\u00f3n nunca ha sido tan sencillo, sum\u00e9rgete en la rica cultura, la historia fascinante y la hospitalidad \u00fanica que ofrece este incre\u00edble pa\u00eds.<\/p><\/div>\n\t\t\t\t<\/div>\n\t\t\t\t\t\t\t\t\t\t<script type=\"application\/ld+json\">{\"@context\":\"https:\\\/\\\/schema.org\",\"@type\":\"FAQPage\",\"mainEntity\":[{\"@type\":\"Question\",\"name\":\"ESTADOS UNIDOS\",\"acceptedAnswer\":{\"@type\":\"Answer\",\"text\":\"<p>Nuestros abogados migratorios te guiar\\u00e1n en el\\u00a0 complejo proceso de solicitud de visado para ingresar a los Estados Unidos<\\\/p>\"}},{\"@type\":\"Question\",\"name\":\"CANAD\\u00c1\",\"acceptedAnswer\":{\"@type\":\"Answer\",\"text\":\"<p>Nuestro Equipo de abogados migratorios te guiar\\u00e1 en el proceso de obtenci\\u00f3n de visado Canadiense, bien sea para turismo, estudios, trabajo o residencia.\\u00a0<\\\/p>\"}},{\"@type\":\"Question\",\"name\":\"M\\u00c9XICO\",\"acceptedAnswer\":{\"@type\":\"Answer\",\"text\":\"<p>Descubre la riqueza cultural, la diversidad natural y la hospitalidad excepcional que te esperan en M\\u00e9xico. La magia de un pa\\u00eds que combina tradiciones milenarias con vibrantes escenarios modernos.<\\\/p>\"}},{\"@type\":\"Question\",\"name\":\"ESPACIO SCHENGEN\",\"acceptedAnswer\":{\"@type\":\"Answer\",\"text\":\"<p>El visado Schengen te da la opoertunidad de viajar por varios paises de la Uni\\u00f3n Europea. Nuestros abogados migratorios te abrir\\u00e1n el camino hacia la aprobaci\\u00f3n de tu solicitud.<\\\/p>\"}},{\"@type\":\"Question\",\"name\":\"REINO UNIDO\",\"acceptedAnswer\":{\"@type\":\"Answer\",\"text\":\"<p>Si tu sue\\u00f1o es viajar a UK, nuestro Staff de abogado migratorios lo hace realidad guiandote en todo el proceso de obtenci\\u00f3n del tipo devisado que al que apliques.<\\\/p>\"}},{\"@type\":\"Question\",\"name\":\"AUSTRALIA\",\"acceptedAnswer\":{\"@type\":\"Answer\",\"text\":\"<p>Descubre nuevas oportunidades y experiencias en la tierra de los canguros solicitando el visado que mejor se aplique a tus necesidades con la asesor\\u00eda de nuestros abogados migratorios.\\u00a0<\\\/p>\"}},{\"@type\":\"Question\",\"name\":\"JAP\\u00d3N\",\"acceptedAnswer\":{\"@type\":\"Answer\",\"text\":\"<p>Obtener tu visado para Jap\\u00f3n nunca ha sido tan sencillo, sum\\u00e9rgete en la rica cultura, la historia fascinante y la hospitalidad \\u00fanica que ofrece este incre\\u00edble pa\\u00eds.<\\\/p>\"}}]}<\/script>\n\t\t\t\t\t<\/div>\n\t\t\t\t\t\t<\/div>\n\t\t\t\t<\/div>\n\t\t\t\t\t<\/div>\n\t\t<\/div>\n\t\t\t\t<div class=\"elementor-column elementor-col-50 elementor-top-column elementor-element elementor-element-64a0ad24\" data-id=\"64a0ad24\" data-element_type=\"column\">\n\t\t\t<div class=\"elementor-widget-wrap elementor-element-populated\">\n\t\t\t\t\t\t<div class=\"elementor-element elementor-element-75b0673 elementor-widget elementor-widget-image\" data-id=\"75b0673\" data-element_type=\"widget\" data-widget_type=\"image.default\">\n\t\t\t\t<div class=\"elementor-widget-container\">\n\t\t\t\t\t\t\t\t\t\t\t\t\t\t\t<img fetchpriority=\"high\" decoding=\"async\" width=\"410\" height=\"390\" src=\"https:\/\/picsbyvery.com\/wp-content\/uploads\/2024\/06\/img43.jpg\" class=\"attachment-medium_large size-medium_large wp-image-754\" alt=\"\" srcset=\"https:\/\/picsbyvery.com\/wp-content\/uploads\/2024\/06\/img43.jpg 410w, https:\/\/picsbyvery.com\/wp-content\/uploads\/2024\/06\/img43-300x285.jpg 300w\" sizes=\"(max-width: 410px) 100vw, 410px\" \/>\t\t\t\t\t\t\t\t\t\t\t\t\t\t\t<\/div>\n\t\t\t\t<\/div>\n\t\t\t\t<div class=\"elementor-element elementor-element-604f065e elementor-view-default elementor-position-top elementor-mobile-position-top elementor-widget elementor-widget-icon-box\" data-id=\"604f065e\" data-element_type=\"widget\" data-widget_type=\"icon-box.default\">\n\t\t\t\t<div class=\"elementor-widget-container\">\n\t\t\t\t\t\t\t<div class=\"elementor-icon-box-wrapper\">\n\n\t\t\t\t\t\t<div class=\"elementor-icon-box-icon\">\n\t\t\t\t<span  class=\"elementor-icon\">\n\t\t\t\t<i aria-hidden=\"true\" class=\"fas fa-quote-left\"><\/i>\t\t\t\t<\/span>\n\t\t\t<\/div>\n\t\t\t\n\t\t\t\t\t\t<div class=\"elementor-icon-box-content\">\n\n\t\t\t\t\n\t\t\t\t\t\t\t\t\t<p class=\"elementor-icon-box-description\">\n\t\t\t\t\t\tNos enorgullece ofrecer una amplia gama de destinos a lo largo y ancho del planeta. Desde los rincones m\u00e1s remotos hasta los destinos m\u00e1s ic\u00f3nicos, tenemos opciones para satisfacer cada tipo de viajero.\t\t\t\t\t<\/p>\n\t\t\t\t\n\t\t\t<\/div>\n\t\t\t\n\t\t<\/div>\n\t\t\t\t\t\t<\/div>\n\t\t\t\t<\/div>\n\t\t\t\t\t<\/div>\n\t\t<\/div>\n\t\t\t\t\t<\/div>\n\t\t<\/section>\n\t\t<div class=\"elementor-element elementor-element-a26fabe e-flex e-con-boxed e-con e-parent\" data-id=\"a26fabe\" data-element_type=\"container\">\n\t\t\t\t\t<div class=\"e-con-inner\">\n\t\t\t\t<div class=\"elementor-element elementor-element-037bab0 elementor-widget elementor-widget-html\" data-id=\"037bab0\" data-element_type=\"widget\" data-widget_type=\"html.default\">\n\t\t\t\t<div class=\"elementor-widget-container\">\n\t\t\t\t\t<!-- Bot\u00f3n flotante de WhatsApp -->\r\n<div id=\"whatsapp-button\">\r\n  <a href=\"https:\/\/wa.link\/qd1ofc\" target=\"_blank\">\r\n    <div class=\"whatsapp-content\">\r\n      <span>Contactar a un asesor<\/span>\r\n      <img decoding=\"async\" src=\"https:\/\/nutriflex.life\/wp-content\/uploads\/2025\/01\/Digital_Glyph_White.png\" alt=\"WhatsApp Logo\">\r\n    <\/div>\r\n  <\/a>\r\n<\/div>\r\n\r\n<style>\r\n  \/* Bot\u00f3n flotante *\/\r\n  #whatsapp-button {\r\n    position: fixed;\r\n    bottom: 20px;\r\n    right: 20px;\r\n    z-index: 9999;\r\n    display: flex;\r\n    align-items: center;\r\n    justify-content: center;\r\n    background-color: #25D366; \/* Verde de WhatsApp *\/\r\n    border-radius: 50px;\r\n    padding: 10px 20px;\r\n    box-shadow: 0px 4px 6px rgba(0, 0, 0, 0.1);\r\n    transition: transform 0.3s ease, box-shadow 0.3s ease;\r\n  }\r\n\r\n  #whatsapp-button:hover {\r\n    transform: scale(1.1);\r\n    box-shadow: 0px 6px 10px rgba(0, 0, 0, 0.15);\r\n  }\r\n\r\n  #whatsapp-button a {\r\n    text-decoration: none;\r\n    color: white;\r\n    display: flex;\r\n    align-items: center;\r\n  }\r\n\r\n  #whatsapp-button .whatsapp-content {\r\n    display: flex;\r\n    align-items: center;\r\n  }\r\n\r\n  #whatsapp-button span {\r\n    font-family: Arial, sans-serif;\r\n    font-size: 14px;\r\n    font-weight: bold;\r\n    margin-right: 10px;\r\n    color: white;\r\n  }\r\n\r\n  #whatsapp-button img {\r\n    width: 30px;\r\n    height: 30px;\r\n    border-radius: 50%;\r\n    object-fit: cover;\r\n  }\r\n<\/style>\r\n\t\t\t\t<\/div>\n\t\t\t\t<\/div>\n\t\t\t\t\t<\/div>\n\t\t\t\t<\/div>\n\t\t\t\t<\/div>\n\t\t","protected":false},"excerpt":{"rendered":"<p>ASESOR\u00cdAS MIGRATORIAS Somos tus socios confiables en asuntos migratorios En VIIZA Agencia de Viajes, hemos estado sirviendo a nuestros clientes con dedicaci\u00f3n y experiencia en asuntos migratorios durante m\u00e1s de 8 a\u00f1os. Somos un equipo de abogados expertos en derecho migratorio y estamos aqu\u00ed para convertir tus sue\u00f1os de vivir, trabajar o estudiar en el [&hellip;]<\/p>\n","protected":false},"author":1,"featured_media":0,"parent":0,"menu_order":0,"comment_status":"closed","ping_status":"closed","template":"elementor_header_footer","meta":{"footnotes":""},"class_list":["post-19","page","type-page","status-publish","hentry"],"_links":{"self":[{"href":"https:\/\/picsbyvery.com\/index.php?rest_route=\/wp\/v2\/pages\/19","targetHints":{"allow":["GET"]}}],"collection":[{"href":"https:\/\/picsbyvery.com\/index.php?rest_route=\/wp\/v2\/pages"}],"about":[{"href":"https:\/\/picsbyvery.com\/index.php?rest_route=\/wp\/v2\/types\/page"}],"author":[{"embeddable":true,"href":"https:\/\/picsbyvery.com\/index.php?rest_route=\/wp\/v2\/users\/1"}],"replies":[{"embeddable":true,"href":"https:\/\/picsbyvery.com\/index.php?rest_route=%2Fwp%2Fv2%2Fcomments&post=19"}],"version-history":[{"count":55,"href":"https:\/\/picsbyvery.com\/index.php?rest_route=\/wp\/v2\/pages\/19\/revisions"}],"predecessor-version":[{"id":2780,"href":"https:\/\/picsbyvery.com\/index.php?rest_route=\/wp\/v2\/pages\/19\/revisions\/2780"}],"wp:attachment":[{"href":"https:\/\/picsbyvery.com\/index.php?rest_route=%2Fwp%2Fv2%2Fmedia&parent=19"}],"curies":[{"name":"wp","href":"https:\/\/api.w.org\/{rel}","templated":true}]}}