{"id":1206,"date":"2024-06-02T21:26:56","date_gmt":"2024-06-02T19:26:56","guid":{"rendered":"https:\/\/agenciaviiza.com\/?post_type=product&#038;p=1206"},"modified":"2024-06-19T20:58:16","modified_gmt":"2024-06-19T18:58:16","slug":"el-salvador-3-noches-4-dias","status":"publish","type":"product","link":"https:\/\/picsbyvery.com\/?product=el-salvador-3-noches-4-dias","title":{"rendered":"EL SALVADOR 3 NOCHES &#8211; 4 D\u00cdAS"},"content":{"rendered":"<p>\u00a1Viaja a Salvador, uno de los pa\u00edses de Centroam\u00e9rica m\u00e1s visitados, con los siguientes servicios:<\/p>\n<p><strong>Incluye<\/strong>: <\/p>\n<p>-Traslado Apto \u2013 hotel (vuelos de 7am a 7 pm) en servicio compartido.<br \/>-03 noches de alojamiento en el hotel seleccionado<br \/>-Desayuno diario<br \/>-Traslado Hotel \u2013 Apto (\u00faltimo traslado es a las 8:30pm) en servicio compartido.<br \/>-Iva e Impuestos de Ecuador.<\/p>\n<p><strong>Cotiza tu boleto con nosotros!<\/strong><\/p>\n","protected":false},"excerpt":{"rendered":"<p><\/p>\n","protected":false},"featured_media":581,"comment_status":"open","ping_status":"closed","template":"","meta":[],"product_cat":[26],"product_tag":[],"class_list":{"0":"post-1206","1":"product","2":"type-product","3":"status-publish","4":"has-post-thumbnail","6":"product_cat-caribe","8":"first","9":"instock","10":"sale","11":"shipping-taxable","12":"purchasable","13":"product-type-simple"},"_links":{"self":[{"href":"https:\/\/picsbyvery.com\/index.php?rest_route=\/wp\/v2\/product\/1206","targetHints":{"allow":["GET"]}}],"collection":[{"href":"https:\/\/picsbyvery.com\/index.php?rest_route=\/wp\/v2\/product"}],"about":[{"href":"https:\/\/picsbyvery.com\/index.php?rest_route=\/wp\/v2\/types\/product"}],"replies":[{"embeddable":true,"href":"https:\/\/picsbyvery.com\/index.php?rest_route=%2Fwp%2Fv2%2Fcomments&post=1206"}],"wp:featuredmedia":[{"embeddable":true,"href":"https:\/\/picsbyvery.com\/index.php?rest_route=\/wp\/v2\/media\/581"}],"wp:attachment":[{"href":"https:\/\/picsbyvery.com\/index.php?rest_route=%2Fwp%2Fv2%2Fmedia&parent=1206"}],"wp:term":[{"taxonomy":"product_cat","embeddable":true,"href":"https:\/\/picsbyvery.com\/index.php?rest_route=%2Fwp%2Fv2%2Fproduct_cat&post=1206"},{"taxonomy":"product_tag","embeddable":true,"href":"https:\/\/picsbyvery.com\/index.php?rest_route=%2Fwp%2Fv2%2Fproduct_tag&post=1206"}],"curies":[{"name":"wp","href":"https:\/\/api.w.org\/{rel}","templated":true}]}}