{"id":2508,"date":"2024-11-28T22:16:27","date_gmt":"2024-11-28T21:16:27","guid":{"rendered":"https:\/\/agenciaviiza.com\/?post_type=product&#038;p=2508"},"modified":"2024-11-29T20:28:48","modified_gmt":"2024-11-29T19:28:48","slug":"crucero-manatee-amazonia","status":"publish","type":"product","link":"https:\/\/picsbyvery.com\/?product=crucero-manatee-amazonia","title":{"rendered":"Crucero Manatee Amazon\u00eda"},"content":{"rendered":"<p>\u00a1Emb\u00e1rcate en una aventura \u00fanica en el coraz\u00f3n del Amazonas!<br \/>Explora la majestuosidad de la selva a bordo de un crucero de lujo. Vive una experiencia inolvidable con alojamiento, comidas gourmet, excursiones guiadas y todo lo que necesitas para conectar con la naturaleza en su m\u00e1xima expresi\u00f3n. <br \/>-Tu traves\u00eda incluye:<br \/>Gu\u00eda naturalista certificado<br \/>Excursiones programadas<br \/>Comodidades exclusivas como poncho de lluvia y botas de goma<br \/>Sala VIP antes y despu\u00e9s del crucero<br \/> \u00a1Descubre la magia del Amazonas con todas las comodidades que mereces! <\/p>\n","protected":false},"excerpt":{"rendered":"<p>\u00a1Emb\u00e1rcate en una aventura \u00fanica en el coraz\u00f3n del Amazonas!Explora la majestuosidad de la selva a bordo de un crucero de lujo. Vive una experiencia inolvidable con alojamiento, comidas gourmet, excursiones guiadas y todo lo que necesitas para conectar con la naturaleza en su m\u00e1xima expresi\u00f3n. -Tu traves\u00eda incluye:Gu\u00eda naturalista certificadoExcursiones programadasComodidades exclusivas como poncho [&hellip;]<\/p>\n","protected":false},"featured_media":2537,"comment_status":"open","ping_status":"closed","template":"","meta":[],"product_cat":[31],"product_tag":[],"class_list":{"0":"post-2508","1":"product","2":"type-product","3":"status-publish","4":"has-post-thumbnail","6":"product_cat-ecuador","8":"first","9":"instock","10":"shipping-taxable","11":"product-type-external"},"_links":{"self":[{"href":"https:\/\/picsbyvery.com\/index.php?rest_route=\/wp\/v2\/product\/2508","targetHints":{"allow":["GET"]}}],"collection":[{"href":"https:\/\/picsbyvery.com\/index.php?rest_route=\/wp\/v2\/product"}],"about":[{"href":"https:\/\/picsbyvery.com\/index.php?rest_route=\/wp\/v2\/types\/product"}],"replies":[{"embeddable":true,"href":"https:\/\/picsbyvery.com\/index.php?rest_route=%2Fwp%2Fv2%2Fcomments&post=2508"}],"wp:featuredmedia":[{"embeddable":true,"href":"https:\/\/picsbyvery.com\/index.php?rest_route=\/wp\/v2\/media\/2537"}],"wp:attachment":[{"href":"https:\/\/picsbyvery.com\/index.php?rest_route=%2Fwp%2Fv2%2Fmedia&parent=2508"}],"wp:term":[{"taxonomy":"product_cat","embeddable":true,"href":"https:\/\/picsbyvery.com\/index.php?rest_route=%2Fwp%2Fv2%2Fproduct_cat&post=2508"},{"taxonomy":"product_tag","embeddable":true,"href":"https:\/\/picsbyvery.com\/index.php?rest_route=%2Fwp%2Fv2%2Fproduct_tag&post=2508"}],"curies":[{"name":"wp","href":"https:\/\/api.w.org\/{rel}","templated":true}]}}