{"id":899,"date":"2024-06-02T00:20:27","date_gmt":"2024-06-01T22:20:27","guid":{"rendered":"https:\/\/agenciaviiza.com\/?post_type=product&#038;p=899"},"modified":"2024-06-02T22:14:16","modified_gmt":"2024-06-02T20:14:16","slug":"galapagos","status":"publish","type":"product","link":"https:\/\/picsbyvery.com\/?product=galapagos","title":{"rendered":"GAL\u00c1PAGOS  3 NOCHES &#8211; 4 D\u00cdAS"},"content":{"rendered":"<p>\u00a1Descon\u00e9ctate de la rutina con este paquete imperdible para toda la familia en Gal\u00e1pagos!<\/p>\n<p>Incluye:<\/p>\n<p>&#8211; Ticket a\u00e9reo Quito &#8211; Gal\u00e1pagos &#8211; Quito.<br \/>&#8211; Transferencias entre islas.<br \/>&#8211; Transporte mar\u00edtimo y terrestre en la isla.<br \/>&#8211; Hospedaje.<br \/>&#8211; Plan alimenticio completo.<br \/>&#8211; Visita guiada a la estaci\u00f3n Charles Darwin.<br \/>&#8211; Visita a las playas Tortuga Bay y Alemanes.<br \/>&#8211; Visita guiada a la parte alta y T\u00faneles.<br \/>&#8211; Visita guiada a los Gemelos.<\/p>\n","protected":false},"excerpt":{"rendered":"<p>\u00a1Descon\u00e9ctate de la rutina con este paquete imperdible para toda la familia en Gal\u00e1pagos! Incluye: &#8211; Ticket a\u00e9reo Quito &#8211; Gal\u00e1pagos &#8211; Quito.&#8211; Transferencias entre islas.&#8211; Transporte mar\u00edtimo y terrestre en la isla.&#8211; Hospedaje.&#8211; Plan alimenticio completo.&#8211; Visita guiada a la estaci\u00f3n Charles Darwin.&#8211; Visita a las playas Tortuga Bay y Alemanes.&#8211; Visita guiada a [&hellip;]<\/p>\n","protected":false},"featured_media":1228,"comment_status":"open","ping_status":"closed","template":"","meta":[],"product_cat":[31],"product_tag":[],"class_list":{"0":"post-899","1":"product","2":"type-product","3":"status-publish","4":"has-post-thumbnail","6":"product_cat-ecuador","8":"first","9":"instock","10":"shipping-taxable","11":"purchasable","12":"product-type-simple"},"_links":{"self":[{"href":"https:\/\/picsbyvery.com\/index.php?rest_route=\/wp\/v2\/product\/899","targetHints":{"allow":["GET"]}}],"collection":[{"href":"https:\/\/picsbyvery.com\/index.php?rest_route=\/wp\/v2\/product"}],"about":[{"href":"https:\/\/picsbyvery.com\/index.php?rest_route=\/wp\/v2\/types\/product"}],"replies":[{"embeddable":true,"href":"https:\/\/picsbyvery.com\/index.php?rest_route=%2Fwp%2Fv2%2Fcomments&post=899"}],"wp:featuredmedia":[{"embeddable":true,"href":"https:\/\/picsbyvery.com\/index.php?rest_route=\/wp\/v2\/media\/1228"}],"wp:attachment":[{"href":"https:\/\/picsbyvery.com\/index.php?rest_route=%2Fwp%2Fv2%2Fmedia&parent=899"}],"wp:term":[{"taxonomy":"product_cat","embeddable":true,"href":"https:\/\/picsbyvery.com\/index.php?rest_route=%2Fwp%2Fv2%2Fproduct_cat&post=899"},{"taxonomy":"product_tag","embeddable":true,"href":"https:\/\/picsbyvery.com\/index.php?rest_route=%2Fwp%2Fv2%2Fproduct_tag&post=899"}],"curies":[{"name":"wp","href":"https:\/\/api.w.org\/{rel}","templated":true}]}}